{"id":3528,"date":"2018-01-15T19:30:19","date_gmt":"2018-01-15T18:30:19","guid":{"rendered":"http:\/\/hdhouse.eu\/film-multimedia\/?page_id=3528"},"modified":"2023-06-06T10:47:10","modified_gmt":"2023-06-06T08:47:10","slug":"produkcja-filmowa","status":"publish","type":"page","link":"https:\/\/hdhouse.eu\/film-multimedia\/front-page\/produkcja-filmowa\/","title":{"rendered":"Produkcja Filmowa"},"content":{"rendered":"<style id=\"ut-portfolio-custom-css-3527\" type=\"text\/css\">.ut-portfolio-3527 .ut-portfolio-info-c h3 { font-family: ralewayregular ;}.ut-portfolio-3527 .portfolio-title { font-family: ralewayregular ;}.ut-portfolio-3527 .ut-portfolio-info-c span { font-family: ralewayregular ;}.ut-portfolio-3527 .ut-portfolio-info-c h3 { color: #ffffff ; }.ut-portfolio-3527 .portfolio-title { color: #ffffff; }.ut-portfolio-3527 .ut-portfolio-info-c, .ut-portfolio-3527 .ut-portfolio-info-c span { color: #FFF ; }.ut-portfolio-3527 .ut-hover-layer .ut-portfolio-info { -webkit-justify-content: center !important; justify-content: center !important; }.ut-portfolio-3527 .ut-hover-layer .ut-portfolio-info-c { align-self: center !important; text-align: center; }.ut-portfolio-3527 .portfolio-style-two .ut-portfolio-info i { text-align: center ;}.ut-portfolio-3527 .ut-portfolio-menu li a { text-transform: uppercase; }.ut-portfolio-3527 .ut-hover-layer { background: rgba(30,115,190, 0.7); }<\/style><style id=\"ut-portfolio-single-custom-css\" type=\"text\/css\"><\/style><div id=\"ut-loader-3527\" class=\"ut-portfolio-detail-loader\"><i class=\"Bklyn-Core-Rotate-2\"><\/i><\/div><a id=\"ut-portfolio-details-anchor-3527\" href=\"#\" class=\"ut-portfolio-offset-anchor-top\"><\/a><div id=\"ut-portfolio-details-navigation-3527\" class=\"ut-portfolio-details-navigation grid-container\" data-slideup-width=\"centered\"><a class=\"prev-portfolio-details\" data-wrap=\"3527\" href=\"#\"><\/a><a class=\"close-portfolio-details\" data-wrap=\"3527\" href=\"#\"><\/a><a class=\"next-portfolio-details\" data-wrap=\"3527\" href=\"#\"><\/a><\/div><div id=\"ut-portfolio-details-wrap-3527\" class=\"ut-portfolio-details-wrap clearfix\"><div id=\"ut-portfolio-details-3527\" class=\"inner ut-portfolio-details\"><div id=\"ut-portfolio-detail-3706\" class=\"animated ut-portfolio-detail clearfix\" data-post=\"3706\" data-format=\"gallery\"><div class=\"grid-80 prefix-10 mobile-grid-100 tablet-grid-80 tablet-prefix-10 ut-portfolio-media\"><\/div><div class=\"grid-70 prefix-15 mobile-grid-100 tablet-grid-70 tablet-prefix-15 entry-content clearfix\"><\/div><\/div><div id=\"ut-portfolio-detail-3494\" class=\"animated ut-portfolio-detail clearfix\" data-post=\"3494\" data-format=\"gallery\"><div class=\"grid-80 prefix-10 mobile-grid-100 tablet-grid-80 tablet-prefix-10 ut-portfolio-media\"><\/div><div class=\"grid-70 prefix-15 mobile-grid-100 tablet-grid-70 tablet-prefix-15 entry-content clearfix\"><\/div><\/div><div id=\"ut-portfolio-detail-3459\" class=\"animated ut-portfolio-detail clearfix\" data-post=\"3459\" data-format=\"gallery\"><div class=\"grid-80 prefix-10 mobile-grid-100 tablet-grid-80 tablet-prefix-10 ut-portfolio-media\"><\/div><div class=\"grid-70 prefix-15 mobile-grid-100 tablet-grid-70 tablet-prefix-15 entry-content clearfix\"><\/div><\/div><div id=\"ut-portfolio-detail-3003\" class=\"animated ut-portfolio-detail clearfix\" data-post=\"3003\" data-format=\"gallery\"><div class=\"grid-80 prefix-10 mobile-grid-100 tablet-grid-80 tablet-prefix-10 ut-portfolio-media\"><\/div><div class=\"grid-70 prefix-15 mobile-grid-100 tablet-grid-70 tablet-prefix-15 entry-content clearfix\"><\/div><\/div><div id=\"ut-portfolio-detail-2999\" class=\"animated ut-portfolio-detail clearfix\" data-post=\"2999\" data-format=\"gallery\"><div class=\"grid-80 prefix-10 mobile-grid-100 tablet-grid-80 tablet-prefix-10 ut-portfolio-media\"><\/div><div class=\"grid-70 prefix-15 mobile-grid-100 tablet-grid-70 tablet-prefix-15 entry-content clearfix\"><\/div><\/div><\/div><\/div><div class=\"clear\"><\/div><div id=\"ut-masonry-3527\" class=\"ut-masonry-grid ut-portfolio-wrap ut-portfolio-3527\" data-slideup-title=\"on\" data-slideup-width=\"centered\" data-textcolor=\"#ffffff\" data-opacity=\"0.7\" data-hovercolor=\"30,115,190\" data-columns=\"5\" data-tcolumns=\"3\" data-mcolumns=\"1\" data-column-height=\"200\"><div id=\"ut-portfolio-article-3706\" class=\"ut-portfolio-article ut-masonry show ut-hover \"><div data-effect=\"portfolioFadeInUp\" class=\"ut-portfolio-article-animation-box\"><div data-effect=\"portfolioFadeInUp\" class=\"ut-portfolio-item\"><a class=\"ut-portfolio-link ut-square\" rel=\"bookmark\" title=\"Najnowszy Showreel\" data-wrap=\"3527\" data-post=\"3706\" href=\"#\" ><figure>\r\n        <img loading=\"lazy\" decoding=\"async\" data-adaptive-images=\"{&quot;300&quot;:&quot;https:\\\/\\\/hdhouse.eu\\\/film-multimedia\\\/wp-content\\\/uploads\\\/2023\\\/06\\\/Latest-REEL-high-300x120.gif&quot;,&quot;500&quot;:&quot;https:\\\/\\\/hdhouse.eu\\\/film-multimedia\\\/wp-content\\\/uploads\\\/2023\\\/06\\\/Latest-REEL-high-500x200.gif&quot;,&quot;750&quot;:&quot;https:\\\/\\\/hdhouse.eu\\\/film-multimedia\\\/wp-content\\\/uploads\\\/2023\\\/06\\\/Latest-REEL-high-750x300.gif&quot;,&quot;1000&quot;:&quot;https:\\\/\\\/hdhouse.eu\\\/film-multimedia\\\/wp-content\\\/uploads\\\/2023\\\/06\\\/Latest-REEL-high-1000x400.gif&quot;,&quot;1500&quot;:&quot;https:\\\/\\\/hdhouse.eu\\\/film-multimedia\\\/wp-content\\\/uploads\\\/2023\\\/06\\\/Latest-REEL-high-1500x600.gif&quot;,&quot;2500&quot;:&quot;https:\\\/\\\/hdhouse.eu\\\/film-multimedia\\\/wp-content\\\/uploads\\\/2023\\\/06\\\/Latest-REEL-high-2500x1000.gif&quot;}\" src=\"data:image\/svg+xml;charset=utf-8,%3Csvg xmlns%3D&#039;http%3A%2F%2Fwww.w3.org%2F2000%2Fsvg&#039; viewBox%3D&#039;0 0 1500 600&#039;%2F%3E\" width=\"1500\" height=\"600\" data-src=\"https:\/\/hdhouse.eu\/film-multimedia\/wp-content\/uploads\/2023\/06\/Latest-REEL-high-1500x600.gif\" data-image-id=\"3647\" class=\"ut-adaptive-image wp-post-image skip-lazy skip-lazy ut-portfolio-featured-image\">\r\n\r\n        <\/figure><div class=\"ut-hover-layer\"><div class=\"ut-portfolio-info\"><div class=\"ut-portfolio-info-c\"><h3 class=\"portfolio-title\">Najnowszy Showreel<\/h3><span>Film<\/span><\/div><\/div><\/div><\/a><\/div><\/div><\/div><div id=\"ut-portfolio-article-3494\" class=\"ut-portfolio-article ut-masonry show ut-hover \"><div data-effect=\"portfolioFadeInUp\" class=\"ut-portfolio-article-animation-box\"><div data-effect=\"portfolioFadeInUp\" class=\"ut-portfolio-item\"><a class=\"ut-portfolio-link ut-square\" rel=\"bookmark\" title=\"Sen O S\u0142o\u0144cu\" data-wrap=\"3527\" data-post=\"3494\" href=\"#\" ><figure>\r\n        <img loading=\"lazy\" decoding=\"async\" data-adaptive-images=\"{&quot;300&quot;:&quot;https:\\\/\\\/hdhouse.eu\\\/film-multimedia\\\/wp-content\\\/uploads\\\/2017\\\/11\\\/SUN-QUEST-Trailer-1-high-300x120.gif&quot;,&quot;500&quot;:&quot;https:\\\/\\\/hdhouse.eu\\\/film-multimedia\\\/wp-content\\\/uploads\\\/2017\\\/11\\\/SUN-QUEST-Trailer-1-high-500x200.gif&quot;,&quot;750&quot;:&quot;https:\\\/\\\/hdhouse.eu\\\/film-multimedia\\\/wp-content\\\/uploads\\\/2017\\\/11\\\/SUN-QUEST-Trailer-1-high-750x300.gif&quot;,&quot;1000&quot;:&quot;https:\\\/\\\/hdhouse.eu\\\/film-multimedia\\\/wp-content\\\/uploads\\\/2017\\\/11\\\/SUN-QUEST-Trailer-1-high-1000x400.gif&quot;,&quot;1500&quot;:&quot;https:\\\/\\\/hdhouse.eu\\\/film-multimedia\\\/wp-content\\\/uploads\\\/2017\\\/11\\\/SUN-QUEST-Trailer-1-high-1500x600.gif&quot;,&quot;2500&quot;:&quot;https:\\\/\\\/hdhouse.eu\\\/film-multimedia\\\/wp-content\\\/uploads\\\/2017\\\/11\\\/SUN-QUEST-Trailer-1-high-2500x1000.gif&quot;}\" src=\"data:image\/svg+xml;charset=utf-8,%3Csvg xmlns%3D&#039;http%3A%2F%2Fwww.w3.org%2F2000%2Fsvg&#039; viewBox%3D&#039;0 0 1500 600&#039;%2F%3E\" width=\"1500\" height=\"600\" data-src=\"https:\/\/hdhouse.eu\/film-multimedia\/wp-content\/uploads\/2017\/11\/SUN-QUEST-Trailer-1-high-1500x600.gif\" data-image-id=\"3695\" class=\"ut-adaptive-image wp-post-image skip-lazy skip-lazy ut-portfolio-featured-image\">\r\n\r\n        <\/figure><div class=\"ut-hover-layer\"><div class=\"ut-portfolio-info\"><div class=\"ut-portfolio-info-c\"><h3 class=\"portfolio-title\">Sen O S\u0142o\u0144cu<\/h3><span>Film<\/span><\/div><\/div><\/div><\/a><\/div><\/div><\/div><div id=\"ut-portfolio-article-3459\" class=\"ut-portfolio-article ut-masonry show ut-hover \"><div data-effect=\"portfolioFadeInUp\" class=\"ut-portfolio-article-animation-box\"><div data-effect=\"portfolioFadeInUp\" class=\"ut-portfolio-item\"><a class=\"ut-portfolio-link ut-square\" rel=\"bookmark\" title=\"Pami\u0119\u0107 \u015awiata 2\" data-wrap=\"3527\" data-post=\"3459\" href=\"#\" ><figure>\r\n        <img loading=\"lazy\" decoding=\"async\" data-adaptive-images=\"{&quot;300&quot;:&quot;https:\\\/\\\/hdhouse.eu\\\/film-multimedia\\\/wp-content\\\/uploads\\\/2017\\\/05\\\/pamiec-swiata-2-300x120.jpg&quot;,&quot;500&quot;:&quot;https:\\\/\\\/hdhouse.eu\\\/film-multimedia\\\/wp-content\\\/uploads\\\/2017\\\/05\\\/pamiec-swiata-2-500x200.jpg&quot;,&quot;750&quot;:&quot;https:\\\/\\\/hdhouse.eu\\\/film-multimedia\\\/wp-content\\\/uploads\\\/2017\\\/05\\\/pamiec-swiata-2-750x300.jpg&quot;,&quot;1000&quot;:&quot;https:\\\/\\\/hdhouse.eu\\\/film-multimedia\\\/wp-content\\\/uploads\\\/2017\\\/05\\\/pamiec-swiata-2-1000x400.jpg&quot;,&quot;1500&quot;:&quot;https:\\\/\\\/hdhouse.eu\\\/film-multimedia\\\/wp-content\\\/uploads\\\/2017\\\/05\\\/pamiec-swiata-2-1500x600.jpg&quot;,&quot;2500&quot;:&quot;https:\\\/\\\/hdhouse.eu\\\/film-multimedia\\\/wp-content\\\/uploads\\\/2017\\\/05\\\/pamiec-swiata-2-2500x1000.jpg&quot;}\" src=\"data:image\/svg+xml;charset=utf-8,%3Csvg xmlns%3D&#039;http%3A%2F%2Fwww.w3.org%2F2000%2Fsvg&#039; viewBox%3D&#039;0 0 1500 600&#039;%2F%3E\" width=\"1500\" height=\"600\" data-src=\"https:\/\/hdhouse.eu\/film-multimedia\/wp-content\/uploads\/2017\/05\/pamiec-swiata-2-1500x600.jpg\" data-image-id=\"3461\" class=\"ut-adaptive-image wp-post-image skip-lazy skip-lazy ut-portfolio-featured-image\">\r\n\r\n        <\/figure><div class=\"ut-hover-layer\"><div class=\"ut-portfolio-info\"><div class=\"ut-portfolio-info-c\"><h3 class=\"portfolio-title\">Pami\u0119\u0107 \u015awiata 2<\/h3><span>Film<\/span><\/div><\/div><\/div><\/a><\/div><\/div><\/div><div id=\"ut-portfolio-article-3003\" class=\"ut-portfolio-article ut-masonry show ut-hover \"><div data-effect=\"portfolioFadeInUp\" class=\"ut-portfolio-article-animation-box\"><div data-effect=\"portfolioFadeInUp\" class=\"ut-portfolio-item\"><a class=\"ut-portfolio-link ut-square\" rel=\"bookmark\" title=\"W pogoni za s\u0142o\u0144cem\" data-wrap=\"3527\" data-post=\"3003\" href=\"#\" ><figure>\r\n        <img loading=\"lazy\" decoding=\"async\" data-adaptive-images=\"{&quot;300&quot;:&quot;https:\\\/\\\/hdhouse.eu\\\/film-multimedia\\\/wp-content\\\/uploads\\\/2016\\\/02\\\/22Racing-the-Sun22-Trailer-2-high-300x120.gif&quot;,&quot;500&quot;:&quot;https:\\\/\\\/hdhouse.eu\\\/film-multimedia\\\/wp-content\\\/uploads\\\/2016\\\/02\\\/22Racing-the-Sun22-Trailer-2-high-500x200.gif&quot;,&quot;750&quot;:&quot;https:\\\/\\\/hdhouse.eu\\\/film-multimedia\\\/wp-content\\\/uploads\\\/2016\\\/02\\\/22Racing-the-Sun22-Trailer-2-high-750x300.gif&quot;,&quot;1000&quot;:&quot;https:\\\/\\\/hdhouse.eu\\\/film-multimedia\\\/wp-content\\\/uploads\\\/2016\\\/02\\\/22Racing-the-Sun22-Trailer-2-high-1000x400.gif&quot;,&quot;1500&quot;:&quot;https:\\\/\\\/hdhouse.eu\\\/film-multimedia\\\/wp-content\\\/uploads\\\/2016\\\/02\\\/22Racing-the-Sun22-Trailer-2-high-1500x600.gif&quot;,&quot;2500&quot;:&quot;https:\\\/\\\/hdhouse.eu\\\/film-multimedia\\\/wp-content\\\/uploads\\\/2016\\\/02\\\/22Racing-the-Sun22-Trailer-2-high-2500x1000.gif&quot;}\" src=\"data:image\/svg+xml;charset=utf-8,%3Csvg xmlns%3D&#039;http%3A%2F%2Fwww.w3.org%2F2000%2Fsvg&#039; viewBox%3D&#039;0 0 1500 600&#039;%2F%3E\" width=\"1500\" height=\"600\" data-src=\"https:\/\/hdhouse.eu\/film-multimedia\/wp-content\/uploads\/2016\/02\/22Racing-the-Sun22-Trailer-2-high-1500x600.gif\" data-image-id=\"3698\" class=\"ut-adaptive-image wp-post-image skip-lazy skip-lazy ut-portfolio-featured-image\">\r\n\r\n        <\/figure><div class=\"ut-hover-layer\"><div class=\"ut-portfolio-info\"><div class=\"ut-portfolio-info-c\"><h3 class=\"portfolio-title\">W pogoni za s\u0142o\u0144cem<\/h3><span>Film<\/span><\/div><\/div><\/div><\/a><\/div><\/div><\/div><div id=\"ut-portfolio-article-2999\" class=\"ut-portfolio-article ut-masonry show ut-hover \"><div data-effect=\"portfolioFadeInUp\" class=\"ut-portfolio-article-animation-box\"><div data-effect=\"portfolioFadeInUp\" class=\"ut-portfolio-item\"><a class=\"ut-portfolio-link ut-square\" rel=\"bookmark\" title=\"Pami\u0119\u0107 \u015awiata\" data-wrap=\"3527\" data-post=\"2999\" href=\"#\" ><figure>\r\n        <img loading=\"lazy\" decoding=\"async\" data-adaptive-images=\"{&quot;300&quot;:&quot;https:\\\/\\\/hdhouse.eu\\\/film-multimedia\\\/wp-content\\\/uploads\\\/2016\\\/02\\\/pamiec-swiata-300x120.jpg&quot;,&quot;500&quot;:&quot;https:\\\/\\\/hdhouse.eu\\\/film-multimedia\\\/wp-content\\\/uploads\\\/2016\\\/02\\\/pamiec-swiata-500x200.jpg&quot;,&quot;750&quot;:&quot;https:\\\/\\\/hdhouse.eu\\\/film-multimedia\\\/wp-content\\\/uploads\\\/2016\\\/02\\\/pamiec-swiata-750x300.jpg&quot;,&quot;1000&quot;:&quot;https:\\\/\\\/hdhouse.eu\\\/film-multimedia\\\/wp-content\\\/uploads\\\/2016\\\/02\\\/pamiec-swiata-1000x400.jpg&quot;,&quot;1500&quot;:&quot;https:\\\/\\\/hdhouse.eu\\\/film-multimedia\\\/wp-content\\\/uploads\\\/2016\\\/02\\\/pamiec-swiata-1500x600.jpg&quot;,&quot;2500&quot;:&quot;https:\\\/\\\/hdhouse.eu\\\/film-multimedia\\\/wp-content\\\/uploads\\\/2016\\\/02\\\/pamiec-swiata-2500x1000.jpg&quot;}\" src=\"data:image\/svg+xml;charset=utf-8,%3Csvg xmlns%3D&#039;http%3A%2F%2Fwww.w3.org%2F2000%2Fsvg&#039; viewBox%3D&#039;0 0 1500 600&#039;%2F%3E\" width=\"1500\" height=\"600\" data-src=\"https:\/\/hdhouse.eu\/film-multimedia\/wp-content\/uploads\/2016\/02\/pamiec-swiata-1500x600.jpg\" data-image-id=\"3069\" class=\"ut-adaptive-image wp-post-image skip-lazy skip-lazy ut-portfolio-featured-image\">\r\n\r\n        <\/figure><div class=\"ut-hover-layer\"><div class=\"ut-portfolio-info\"><div class=\"ut-portfolio-info-c\"><h3 class=\"portfolio-title\">Pami\u0119\u0107 \u015awiata<\/h3><span>Film<\/span><\/div><\/div><\/div><\/a><\/div><\/div><\/div><\/div>\n","protected":false},"excerpt":{"rendered":"[vc_row][vc_column] PAMI\u0118\u0106 \u015aWIATA[vc_column_text]To by\u0142o spotkanie z prawdziw\u0105 histori\u0105. Filmowali\u015bmy najcenniejsze zabytki pi\u015bmiennictwa polskiego. Mieli\u015bmy zaszczyt ogl\u0105da\u0107 na \u017cywo wspania\u0142e dzie\u0142a, kt\u00f3re na co dzie\u0144 nie s\u0105 dost\u0119pne ze wzgl\u0119du na konieczno\u015b\u0107 zapewnienia im odpowiednich warunk\u00f3w przechowywania. S\u0105 tak delikatne i cenne, \u017ce tylko za pomoc\u0105 filmu mog\u0105 by\u0107 przedstawione szerszej publiczno\u015bci.[\/vc_column_text][\/vc_column][\/vc_row]","protected":false},"author":1,"featured_media":0,"parent":35,"menu_order":0,"comment_status":"closed","ping_status":"closed","template":"","meta":{"footnotes":""},"yoast_head":"<!-- This site is optimized with the Yoast SEO plugin v24.5 - https:\/\/yoast.com\/wordpress\/plugins\/seo\/ -->\n<title>Produkcja Filmowa &#8211; Reels, Filmy Dokumentalne, Korporacyjne, Teledyski<\/title>\n<meta name=\"robots\" content=\"index, follow, max-snippet:-1, max-image-preview:large, max-video-preview:-1\" \/>\n<link rel=\"canonical\" href=\"https:\/\/hdhouse.eu\/film-multimedia\/front-page\/produkcja-filmowa\/\" \/>\n<meta property=\"og:locale\" content=\"pl_PL\" \/>\n<meta property=\"og:type\" content=\"article\" \/>\n<meta property=\"og:title\" content=\"Produkcja Filmowa &#8211; Reels, Filmy Dokumentalne, Korporacyjne, Teledyski\" \/>\n<meta property=\"og:url\" content=\"https:\/\/hdhouse.eu\/film-multimedia\/front-page\/produkcja-filmowa\/\" \/>\n<meta property=\"og:site_name\" content=\"Reels, Filmy Dokumentalne, Korporacyjne, Teledyski\" \/>\n<meta property=\"article:publisher\" content=\"https:\/\/www.facebook.com\/hdhouse\/\" \/>\n<meta property=\"article:modified_time\" content=\"2023-06-06T08:47:10+00:00\" \/>\n<meta name=\"twitter:card\" content=\"summary_large_image\" \/>\n<meta name=\"twitter:site\" content=\"@HDHOUSEeu\" \/>\n<meta name=\"twitter:label1\" content=\"Szacowany czas czytania\" \/>\n\t<meta name=\"twitter:data1\" content=\"1 minuta\" \/>\n<script type=\"application\/ld+json\" class=\"yoast-schema-graph\">{\"@context\":\"https:\/\/schema.org\",\"@graph\":[{\"@type\":\"WebPage\",\"@id\":\"https:\/\/hdhouse.eu\/film-multimedia\/front-page\/produkcja-filmowa\/\",\"url\":\"https:\/\/hdhouse.eu\/film-multimedia\/front-page\/produkcja-filmowa\/\",\"name\":\"Produkcja Filmowa &#8211; Reels, Filmy Dokumentalne, Korporacyjne, Teledyski\",\"isPartOf\":{\"@id\":\"http:\/\/hdhouse.eu\/film-multimedia\/#website\"},\"datePublished\":\"2018-01-15T18:30:19+00:00\",\"dateModified\":\"2023-06-06T08:47:10+00:00\",\"breadcrumb\":{\"@id\":\"https:\/\/hdhouse.eu\/film-multimedia\/front-page\/produkcja-filmowa\/#breadcrumb\"},\"inLanguage\":\"pl-PL\",\"potentialAction\":[{\"@type\":\"ReadAction\",\"target\":[\"https:\/\/hdhouse.eu\/film-multimedia\/front-page\/produkcja-filmowa\/\"]}]},{\"@type\":\"BreadcrumbList\",\"@id\":\"https:\/\/hdhouse.eu\/film-multimedia\/front-page\/produkcja-filmowa\/#breadcrumb\",\"itemListElement\":[{\"@type\":\"ListItem\",\"position\":1,\"name\":\"Strona g\u0142\u00f3wna\",\"item\":\"https:\/\/hdhouse.eu\/film-multimedia\/\"},{\"@type\":\"ListItem\",\"position\":2,\"name\":\"HD HOUSE &#8211; Produkcja Filmowa\",\"item\":\"https:\/\/hdhouse.eu\/film-multimedia\/\"},{\"@type\":\"ListItem\",\"position\":3,\"name\":\"Produkcja Filmowa\"}]},{\"@type\":\"WebSite\",\"@id\":\"http:\/\/hdhouse.eu\/film-multimedia\/#website\",\"url\":\"http:\/\/hdhouse.eu\/film-multimedia\/\",\"name\":\"Reels, Filmy Dokumentalne, Korporacyjne, Teledyski\",\"description\":\"Filmy Dokumentalne Corporate Teledyski\",\"potentialAction\":[{\"@type\":\"SearchAction\",\"target\":{\"@type\":\"EntryPoint\",\"urlTemplate\":\"http:\/\/hdhouse.eu\/film-multimedia\/?s={search_term_string}\"},\"query-input\":{\"@type\":\"PropertyValueSpecification\",\"valueRequired\":true,\"valueName\":\"search_term_string\"}}],\"inLanguage\":\"pl-PL\"}]}<\/script>\n<!-- \/ Yoast SEO plugin. -->","yoast_head_json":{"title":"Produkcja Filmowa &#8211; Reels, Filmy Dokumentalne, Korporacyjne, Teledyski","robots":{"index":"index","follow":"follow","max-snippet":"max-snippet:-1","max-image-preview":"max-image-preview:large","max-video-preview":"max-video-preview:-1"},"canonical":"https:\/\/hdhouse.eu\/film-multimedia\/front-page\/produkcja-filmowa\/","og_locale":"pl_PL","og_type":"article","og_title":"Produkcja Filmowa &#8211; Reels, Filmy Dokumentalne, Korporacyjne, Teledyski","og_url":"https:\/\/hdhouse.eu\/film-multimedia\/front-page\/produkcja-filmowa\/","og_site_name":"Reels, Filmy Dokumentalne, Korporacyjne, Teledyski","article_publisher":"https:\/\/www.facebook.com\/hdhouse\/","article_modified_time":"2023-06-06T08:47:10+00:00","twitter_card":"summary_large_image","twitter_site":"@HDHOUSEeu","twitter_misc":{"Szacowany czas czytania":"1 minuta"},"schema":{"@context":"https:\/\/schema.org","@graph":[{"@type":"WebPage","@id":"https:\/\/hdhouse.eu\/film-multimedia\/front-page\/produkcja-filmowa\/","url":"https:\/\/hdhouse.eu\/film-multimedia\/front-page\/produkcja-filmowa\/","name":"Produkcja Filmowa &#8211; Reels, Filmy Dokumentalne, Korporacyjne, Teledyski","isPartOf":{"@id":"http:\/\/hdhouse.eu\/film-multimedia\/#website"},"datePublished":"2018-01-15T18:30:19+00:00","dateModified":"2023-06-06T08:47:10+00:00","breadcrumb":{"@id":"https:\/\/hdhouse.eu\/film-multimedia\/front-page\/produkcja-filmowa\/#breadcrumb"},"inLanguage":"pl-PL","potentialAction":[{"@type":"ReadAction","target":["https:\/\/hdhouse.eu\/film-multimedia\/front-page\/produkcja-filmowa\/"]}]},{"@type":"BreadcrumbList","@id":"https:\/\/hdhouse.eu\/film-multimedia\/front-page\/produkcja-filmowa\/#breadcrumb","itemListElement":[{"@type":"ListItem","position":1,"name":"Strona g\u0142\u00f3wna","item":"https:\/\/hdhouse.eu\/film-multimedia\/"},{"@type":"ListItem","position":2,"name":"HD HOUSE &#8211; Produkcja Filmowa","item":"https:\/\/hdhouse.eu\/film-multimedia\/"},{"@type":"ListItem","position":3,"name":"Produkcja Filmowa"}]},{"@type":"WebSite","@id":"http:\/\/hdhouse.eu\/film-multimedia\/#website","url":"http:\/\/hdhouse.eu\/film-multimedia\/","name":"Reels, Filmy Dokumentalne, Korporacyjne, Teledyski","description":"Filmy Dokumentalne Corporate Teledyski","potentialAction":[{"@type":"SearchAction","target":{"@type":"EntryPoint","urlTemplate":"http:\/\/hdhouse.eu\/film-multimedia\/?s={search_term_string}"},"query-input":{"@type":"PropertyValueSpecification","valueRequired":true,"valueName":"search_term_string"}}],"inLanguage":"pl-PL"}]}},"_links":{"self":[{"href":"https:\/\/hdhouse.eu\/film-multimedia\/wp-json\/wp\/v2\/pages\/3528"}],"collection":[{"href":"https:\/\/hdhouse.eu\/film-multimedia\/wp-json\/wp\/v2\/pages"}],"about":[{"href":"https:\/\/hdhouse.eu\/film-multimedia\/wp-json\/wp\/v2\/types\/page"}],"author":[{"embeddable":true,"href":"https:\/\/hdhouse.eu\/film-multimedia\/wp-json\/wp\/v2\/users\/1"}],"replies":[{"embeddable":true,"href":"https:\/\/hdhouse.eu\/film-multimedia\/wp-json\/wp\/v2\/comments?post=3528"}],"version-history":[{"count":1,"href":"https:\/\/hdhouse.eu\/film-multimedia\/wp-json\/wp\/v2\/pages\/3528\/revisions"}],"predecessor-version":[{"id":3529,"href":"https:\/\/hdhouse.eu\/film-multimedia\/wp-json\/wp\/v2\/pages\/3528\/revisions\/3529"}],"up":[{"embeddable":true,"href":"https:\/\/hdhouse.eu\/film-multimedia\/wp-json\/wp\/v2\/pages\/35"}],"wp:attachment":[{"href":"https:\/\/hdhouse.eu\/film-multimedia\/wp-json\/wp\/v2\/media?parent=3528"}],"curies":[{"name":"wp","href":"https:\/\/api.w.org\/{rel}","templated":true}]}}