{"id":3111,"date":"2016-02-07T16:55:47","date_gmt":"2016-02-07T15:55:47","guid":{"rendered":"http:\/\/hdhouse.eu\/film-multimedia\/?page_id=3111"},"modified":"2017-05-25T00:39:20","modified_gmt":"2017-05-24T22:39:20","slug":"virtual-reality","status":"publish","type":"page","link":"https:\/\/hdhouse.eu\/film-multimedia\/virtual-reality\/","title":{"rendered":"Virtual Reality"},"content":{"rendered":"<p><iframe loading=\"lazy\" title=\"VR BOX ADV\" width=\"1180\" height=\"664\" src=\"https:\/\/www.youtube.com\/embed\/QbffmMDi7PM?feature=oembed&#038;wmode=opaque&#038;v=QbffmMDi7PM\" frameborder=\"0\" allow=\"accelerometer; autoplay; encrypted-media; gyroscope; picture-in-picture\" allowfullscreen><\/iframe><\/p>\n<p>&nbsp;<\/p>\n<h4>Czym jest Virtual Reality Box?<\/h4>\n<p>&nbsp;<\/p>\n<p>Bardzo prostym narz\u0119dziem do obcowania z wirtualn\u0105 rzeczywisto\u015bci\u0105.<\/p>\n<p>Wehiku\u0142em do wn\u0119trza filmu.<\/p>\n<p>\u201cOkularami\u201d, przez kt\u00f3re mo\u017cna zobaczy\u0107 odleg\u0142y \u015bwiat nie wstaj\u0105c z fotela.<\/p>\n<p>&nbsp;<\/p>\n<p>Fajnym i tanim \u201cgad\u017cetem dla ka\u017cdego\u201d.<\/p>\n<p>&nbsp;<\/p>\n<p><a href=\"http:\/\/hdhouse.eu\/HOUSE_PL\/wp-content\/uploads\/2015\/05\/Cardboard-Kinga-6-copy.jpg\"><img loading=\"lazy\" decoding=\"async\" class=\"alignleft size-large wp-image-463\" title=\"Cardboard Kinga 6 copy\" src=\"http:\/\/hdhouse.eu\/HOUSE_PL\/wp-content\/uploads\/2015\/05\/Cardboard-Kinga-6-copy-1024x314.jpg\" alt=\"\" width=\"1024\" height=\"314\" \/><\/a><\/p>\n<p>&nbsp;<\/p>\n<p>&nbsp;<\/p>\n<p>&nbsp;<\/p>\n<p>&nbsp;<\/p>\n<p>&nbsp;<\/p>\n<p>&nbsp;<\/p>\n<p>&nbsp;<\/p>\n<p>&nbsp;<\/p>\n<p>&nbsp;<\/p>\n<h4><strong>Czego potrzeba aby do\u015bwiadczy\u0107 VRB?<\/strong><\/h4>\n<p>smartphone<br \/>\ndedykowanej aplikacji<br \/>\n\u0142atwego w sk\u0142adaniu kartonowego pude\u0142ka<br \/>\n2 soczwek<br \/>\nodrobiny kleju lub ta\u015bmy klej\u0105cej<br \/>\n2 samoprzylepnych rzep\u00f3w<br \/>\nczasami magnesu (smartphone z nfc)<\/p>\n<p>&nbsp;<\/p>\n<p><a href=\"http:\/\/hdhouse.eu\/HOUSE_PL\/wp-content\/uploads\/2015\/05\/Cardboard-Kinga-3-copy.jpg\"><img loading=\"lazy\" decoding=\"async\" class=\"alignleft size-large wp-image-471\" title=\"Cardboard Kinga 3 copy\" src=\"http:\/\/hdhouse.eu\/HOUSE_PL\/wp-content\/uploads\/2015\/05\/Cardboard-Kinga-3-copy-1024x314.jpg\" alt=\"\" width=\"1024\" height=\"314\" \/><\/a><\/p>\n<p>&nbsp;<\/p>\n<p>&nbsp;<\/p>\n<p>&nbsp;<\/p>\n<p>&nbsp;<\/p>\n<p>&nbsp;<\/p>\n<p>&nbsp;<\/p>\n<p>&nbsp;<\/p>\n<p>&nbsp;<\/p>\n<p>&nbsp;<\/p>\n<h4 style=\"text-align: left;\"><strong>Przyk\u0142adowe zastosowania\u2028 Virtual Reality Box<\/strong><br \/>\nMiejsca i wydarzenia &#8211; obecno\u015b\u0107 wirtualna<\/h4>\n<p>Pami\u0105tka ze zwiedzania &#8211; miejsce, kt\u00f3re mo\u017cna \u201czabra\u0107\u201d ze sob\u0105.<\/p>\n<p>Obecno\u015b\u0107 wirtualna w miejscu niedost\u0119pnym lub jeszcze nieistniej\u0105cym.<\/p>\n<p>Ogl\u0105danie odleg\u0142ych teren\u00f3w inwestycyjnych np. z naniesionymi nowymi budynkami.<\/p>\n<p>Ogl\u0105danie projekt\u00f3w inwestycji (np. nie zbudowanych jeszcze mieszka\u0144 z wra\u017ceniem bycia wewn\u0105trz gotowego budynku)<\/p>\n<p>Wirtualna pr\u00f3bna jazda samochodem<\/p>\n<p>&nbsp;<\/p>\n<p><a href=\"http:\/\/hdhouse.eu\/HOUSE_PL\/wp-content\/uploads\/2015\/05\/Cardboard-Kinga-4-copy.jpg\"><img loading=\"lazy\" decoding=\"async\" class=\"alignleft size-large wp-image-470\" title=\"Cardboard Kinga 4 copy\" src=\"http:\/\/hdhouse.eu\/HOUSE_PL\/wp-content\/uploads\/2015\/05\/Cardboard-Kinga-4-copy-1024x314.jpg\" alt=\"\" width=\"1024\" height=\"314\" \/><\/a><\/p>\n<p>&nbsp;<\/p>\n<p>&nbsp;<\/p>\n<p>&nbsp;<\/p>\n<p>&nbsp;<\/p>\n<p>&nbsp;<\/p>\n<p>&nbsp;<\/p>\n<p>&nbsp;<\/p>\n<p>&nbsp;<\/p>\n<p>&nbsp;<\/p>\n<h4><strong>Jaka jest oferta?<\/strong><\/h4>\n<p>Oferujemy przygotowanie filmu w technice umo\u017cliwiaj\u0105cej wy\u015bwietlenie wirtualnej rzeczywisto\u015bci.<\/p>\n<p>&nbsp;<\/p>\n<p>Przygotowanie dedykowanej aplikacji\u00a0z zamkni\u0119tym w niej filmem z Pa\u0144stwa znakiem.<\/p>\n<p>(Dedykowana Aplikacja na urz\u0105dzenia iOS i Android)<\/p>\n<p>&nbsp;<\/p>\n<p>Projekt i przygotowanie do dystrybucji \u201cpude\u0142ka\u201d Virtual Reality Box<\/p>\n<p>&nbsp;<\/p>\n<p><a href=\"http:\/\/hdhouse.eu\/HOUSE_PL\/wp-content\/uploads\/2015\/05\/Cardboard-oczy-copy.jpg\"><img loading=\"lazy\" decoding=\"async\" class=\"alignleft size-large wp-image-466\" title=\"Cardboard oczy copy\" src=\"http:\/\/hdhouse.eu\/HOUSE_PL\/wp-content\/uploads\/2015\/05\/Cardboard-oczy-copy-1024x314.jpg\" alt=\"\" width=\"1024\" height=\"314\" \/><\/a><\/p>\n","protected":false},"excerpt":{"rendered":"<p>&nbsp; Czym jest Virtual Reality Box? &nbsp; Bardzo prostym narz\u0119dziem do obcowania z wirtualn\u0105 rzeczywisto\u015bci\u0105. Wehiku\u0142em do wn\u0119trza filmu. \u201cOkularami\u201d, przez kt\u00f3re mo\u017cna zobaczy\u0107 odleg\u0142y \u015bwiat nie wstaj\u0105c z fotela. &nbsp; Fajnym i tanim \u201cgad\u017cetem dla ka\u017cdego\u201d. &nbsp; &nbsp; &nbsp; &nbsp; &nbsp; &nbsp; &nbsp; &nbsp; &nbsp; &nbsp; Czego potrzeba aby do\u015bwiadczy\u0107 VRB? smartphone dedykowanej aplikacji [&hellip;]<\/p>\n","protected":false},"author":1,"featured_media":0,"parent":0,"menu_order":0,"comment_status":"closed","ping_status":"closed","template":"","meta":{"footnotes":""},"yoast_head":"<!-- This site is optimized with the Yoast SEO plugin v24.5 - https:\/\/yoast.com\/wordpress\/plugins\/seo\/ -->\n<title>Virtual Reality<\/title>\n<meta name=\"robots\" content=\"index, follow, max-snippet:-1, max-image-preview:large, max-video-preview:-1\" \/>\n<link rel=\"canonical\" href=\"https:\/\/hdhouse.eu\/film-multimedia\/virtual-reality\/\" \/>\n<meta property=\"og:locale\" content=\"pl_PL\" \/>\n<meta property=\"og:type\" content=\"article\" \/>\n<meta property=\"og:title\" content=\"Virtual Reality\" \/>\n<meta property=\"og:description\" content=\"&nbsp; Czym jest Virtual Reality Box? &nbsp; Bardzo prostym narz\u0119dziem do obcowania z wirtualn\u0105 rzeczywisto\u015bci\u0105. Wehiku\u0142em do wn\u0119trza filmu. \u201cOkularami\u201d, przez kt\u00f3re mo\u017cna zobaczy\u0107 odleg\u0142y \u015bwiat nie wstaj\u0105c z fotela. &nbsp; Fajnym i tanim \u201cgad\u017cetem dla ka\u017cdego\u201d. &nbsp; &nbsp; &nbsp; &nbsp; &nbsp; &nbsp; &nbsp; &nbsp; &nbsp; &nbsp; Czego potrzeba aby do\u015bwiadczy\u0107 VRB? smartphone dedykowanej aplikacji [&hellip;]\" \/>\n<meta property=\"og:url\" content=\"https:\/\/hdhouse.eu\/film-multimedia\/virtual-reality\/\" \/>\n<meta property=\"og:site_name\" content=\"Reels, Filmy Dokumentalne, Korporacyjne, Teledyski\" \/>\n<meta property=\"article:publisher\" content=\"https:\/\/www.facebook.com\/hdhouse\/\" \/>\n<meta property=\"article:modified_time\" content=\"2017-05-24T22:39:20+00:00\" \/>\n<meta property=\"og:image\" content=\"http:\/\/hdhouse.eu\/HOUSE_PL\/wp-content\/uploads\/2015\/05\/Cardboard-Kinga-6-copy-1024x314.jpg\" \/>\n<meta name=\"twitter:card\" content=\"summary_large_image\" \/>\n<meta name=\"twitter:site\" content=\"@HDHOUSEeu\" \/>\n<meta name=\"twitter:label1\" content=\"Szacowany czas czytania\" \/>\n\t<meta name=\"twitter:data1\" content=\"1 minuta\" \/>\n<script type=\"application\/ld+json\" class=\"yoast-schema-graph\">{\"@context\":\"https:\/\/schema.org\",\"@graph\":[{\"@type\":\"WebPage\",\"@id\":\"https:\/\/hdhouse.eu\/film-multimedia\/virtual-reality\/\",\"url\":\"https:\/\/hdhouse.eu\/film-multimedia\/virtual-reality\/\",\"name\":\"Virtual Reality\",\"isPartOf\":{\"@id\":\"http:\/\/hdhouse.eu\/film-multimedia\/#website\"},\"primaryImageOfPage\":{\"@id\":\"https:\/\/hdhouse.eu\/film-multimedia\/virtual-reality\/#primaryimage\"},\"image\":{\"@id\":\"https:\/\/hdhouse.eu\/film-multimedia\/virtual-reality\/#primaryimage\"},\"thumbnailUrl\":\"http:\/\/hdhouse.eu\/HOUSE_PL\/wp-content\/uploads\/2015\/05\/Cardboard-Kinga-6-copy-1024x314.jpg\",\"datePublished\":\"2016-02-07T15:55:47+00:00\",\"dateModified\":\"2017-05-24T22:39:20+00:00\",\"breadcrumb\":{\"@id\":\"https:\/\/hdhouse.eu\/film-multimedia\/virtual-reality\/#breadcrumb\"},\"inLanguage\":\"pl-PL\",\"potentialAction\":[{\"@type\":\"ReadAction\",\"target\":[\"https:\/\/hdhouse.eu\/film-multimedia\/virtual-reality\/\"]}]},{\"@type\":\"ImageObject\",\"inLanguage\":\"pl-PL\",\"@id\":\"https:\/\/hdhouse.eu\/film-multimedia\/virtual-reality\/#primaryimage\",\"url\":\"http:\/\/hdhouse.eu\/HOUSE_PL\/wp-content\/uploads\/2015\/05\/Cardboard-Kinga-6-copy-1024x314.jpg\",\"contentUrl\":\"http:\/\/hdhouse.eu\/HOUSE_PL\/wp-content\/uploads\/2015\/05\/Cardboard-Kinga-6-copy-1024x314.jpg\"},{\"@type\":\"BreadcrumbList\",\"@id\":\"https:\/\/hdhouse.eu\/film-multimedia\/virtual-reality\/#breadcrumb\",\"itemListElement\":[{\"@type\":\"ListItem\",\"position\":1,\"name\":\"Strona g\u0142\u00f3wna\",\"item\":\"https:\/\/hdhouse.eu\/film-multimedia\/\"},{\"@type\":\"ListItem\",\"position\":2,\"name\":\"Virtual Reality\"}]},{\"@type\":\"WebSite\",\"@id\":\"http:\/\/hdhouse.eu\/film-multimedia\/#website\",\"url\":\"http:\/\/hdhouse.eu\/film-multimedia\/\",\"name\":\"Reels, Filmy Dokumentalne, Korporacyjne, Teledyski\",\"description\":\"Filmy Dokumentalne Corporate Teledyski\",\"potentialAction\":[{\"@type\":\"SearchAction\",\"target\":{\"@type\":\"EntryPoint\",\"urlTemplate\":\"http:\/\/hdhouse.eu\/film-multimedia\/?s={search_term_string}\"},\"query-input\":{\"@type\":\"PropertyValueSpecification\",\"valueRequired\":true,\"valueName\":\"search_term_string\"}}],\"inLanguage\":\"pl-PL\"}]}<\/script>\n<!-- \/ Yoast SEO plugin. -->","yoast_head_json":{"title":"Virtual Reality","robots":{"index":"index","follow":"follow","max-snippet":"max-snippet:-1","max-image-preview":"max-image-preview:large","max-video-preview":"max-video-preview:-1"},"canonical":"https:\/\/hdhouse.eu\/film-multimedia\/virtual-reality\/","og_locale":"pl_PL","og_type":"article","og_title":"Virtual Reality","og_description":"&nbsp; Czym jest Virtual Reality Box? &nbsp; Bardzo prostym narz\u0119dziem do obcowania z wirtualn\u0105 rzeczywisto\u015bci\u0105. Wehiku\u0142em do wn\u0119trza filmu. \u201cOkularami\u201d, przez kt\u00f3re mo\u017cna zobaczy\u0107 odleg\u0142y \u015bwiat nie wstaj\u0105c z fotela. &nbsp; Fajnym i tanim \u201cgad\u017cetem dla ka\u017cdego\u201d. &nbsp; &nbsp; &nbsp; &nbsp; &nbsp; &nbsp; &nbsp; &nbsp; &nbsp; &nbsp; Czego potrzeba aby do\u015bwiadczy\u0107 VRB? smartphone dedykowanej aplikacji [&hellip;]","og_url":"https:\/\/hdhouse.eu\/film-multimedia\/virtual-reality\/","og_site_name":"Reels, Filmy Dokumentalne, Korporacyjne, Teledyski","article_publisher":"https:\/\/www.facebook.com\/hdhouse\/","article_modified_time":"2017-05-24T22:39:20+00:00","og_image":[{"url":"http:\/\/hdhouse.eu\/HOUSE_PL\/wp-content\/uploads\/2015\/05\/Cardboard-Kinga-6-copy-1024x314.jpg","type":"","width":"","height":""}],"twitter_card":"summary_large_image","twitter_site":"@HDHOUSEeu","twitter_misc":{"Szacowany czas czytania":"1 minuta"},"schema":{"@context":"https:\/\/schema.org","@graph":[{"@type":"WebPage","@id":"https:\/\/hdhouse.eu\/film-multimedia\/virtual-reality\/","url":"https:\/\/hdhouse.eu\/film-multimedia\/virtual-reality\/","name":"Virtual Reality","isPartOf":{"@id":"http:\/\/hdhouse.eu\/film-multimedia\/#website"},"primaryImageOfPage":{"@id":"https:\/\/hdhouse.eu\/film-multimedia\/virtual-reality\/#primaryimage"},"image":{"@id":"https:\/\/hdhouse.eu\/film-multimedia\/virtual-reality\/#primaryimage"},"thumbnailUrl":"http:\/\/hdhouse.eu\/HOUSE_PL\/wp-content\/uploads\/2015\/05\/Cardboard-Kinga-6-copy-1024x314.jpg","datePublished":"2016-02-07T15:55:47+00:00","dateModified":"2017-05-24T22:39:20+00:00","breadcrumb":{"@id":"https:\/\/hdhouse.eu\/film-multimedia\/virtual-reality\/#breadcrumb"},"inLanguage":"pl-PL","potentialAction":[{"@type":"ReadAction","target":["https:\/\/hdhouse.eu\/film-multimedia\/virtual-reality\/"]}]},{"@type":"ImageObject","inLanguage":"pl-PL","@id":"https:\/\/hdhouse.eu\/film-multimedia\/virtual-reality\/#primaryimage","url":"http:\/\/hdhouse.eu\/HOUSE_PL\/wp-content\/uploads\/2015\/05\/Cardboard-Kinga-6-copy-1024x314.jpg","contentUrl":"http:\/\/hdhouse.eu\/HOUSE_PL\/wp-content\/uploads\/2015\/05\/Cardboard-Kinga-6-copy-1024x314.jpg"},{"@type":"BreadcrumbList","@id":"https:\/\/hdhouse.eu\/film-multimedia\/virtual-reality\/#breadcrumb","itemListElement":[{"@type":"ListItem","position":1,"name":"Strona g\u0142\u00f3wna","item":"https:\/\/hdhouse.eu\/film-multimedia\/"},{"@type":"ListItem","position":2,"name":"Virtual Reality"}]},{"@type":"WebSite","@id":"http:\/\/hdhouse.eu\/film-multimedia\/#website","url":"http:\/\/hdhouse.eu\/film-multimedia\/","name":"Reels, Filmy Dokumentalne, Korporacyjne, Teledyski","description":"Filmy Dokumentalne Corporate Teledyski","potentialAction":[{"@type":"SearchAction","target":{"@type":"EntryPoint","urlTemplate":"http:\/\/hdhouse.eu\/film-multimedia\/?s={search_term_string}"},"query-input":{"@type":"PropertyValueSpecification","valueRequired":true,"valueName":"search_term_string"}}],"inLanguage":"pl-PL"}]}},"_links":{"self":[{"href":"https:\/\/hdhouse.eu\/film-multimedia\/wp-json\/wp\/v2\/pages\/3111"}],"collection":[{"href":"https:\/\/hdhouse.eu\/film-multimedia\/wp-json\/wp\/v2\/pages"}],"about":[{"href":"https:\/\/hdhouse.eu\/film-multimedia\/wp-json\/wp\/v2\/types\/page"}],"author":[{"embeddable":true,"href":"https:\/\/hdhouse.eu\/film-multimedia\/wp-json\/wp\/v2\/users\/1"}],"replies":[{"embeddable":true,"href":"https:\/\/hdhouse.eu\/film-multimedia\/wp-json\/wp\/v2\/comments?post=3111"}],"version-history":[{"count":6,"href":"https:\/\/hdhouse.eu\/film-multimedia\/wp-json\/wp\/v2\/pages\/3111\/revisions"}],"predecessor-version":[{"id":3466,"href":"https:\/\/hdhouse.eu\/film-multimedia\/wp-json\/wp\/v2\/pages\/3111\/revisions\/3466"}],"wp:attachment":[{"href":"https:\/\/hdhouse.eu\/film-multimedia\/wp-json\/wp\/v2\/media?parent=3111"}],"curies":[{"name":"wp","href":"https:\/\/api.w.org\/{rel}","templated":true}]}}